{"id":4398,"date":"2015-05-20T15:13:49","date_gmt":"2015-05-20T12:13:49","guid":{"rendered":"https:\/\/thedubliner.gr\/the-home-of-the-dubliner\/"},"modified":"2022-03-30T19:14:24","modified_gmt":"2022-03-30T16:14:24","slug":"the-home-of-the-dubliner","status":"publish","type":"page","link":"https:\/\/thedubliner.gr\/ga\/the-home-of-the-dubliner\/","title":{"rendered":"Baile an Dubliner"},"content":{"rendered":"<div id=\"fb-root\"><\/div>\n<p style=\"text-align: justify;\"><div class=\"pixcode  pixcode--grid  grid  \">\n\n<p style=\"text-align: justify;\"><div class=\"grid__item one-twelfth palm-one-whole \">\n\n<p style=\"text-align: justify;\">\n<\/div>\n\n<p style=\"text-align: justify;\"><div class=\"grid__item ten-twelfths palm-one-whole \">\n\n<p>ghlaim faoin gcathair iontach seo!<\/p>\n<p>Is duine \u00e9 Dubliner (pronounced Dub-lin-er) a rugadh n\u00f3 a d\u2019fh\u00e1s an\u00edos i mBaile \u00c1tha Cliath, \u00c9ire.<\/p>\n<p>Is \u00e9 Baile \u00c1tha Cliath an pr\u00edomhchathair agus an chathair is m\u00f3 in \u00c9irinn le breis agus 1.8 milli\u00fan duine ina gc\u00f3na\u00ed ann. Tagann an t-ainm Dublin \u00f3n ainm Gaeilge Dubhlinn a chialla\u00edonn &#8220;linn dubh&#8221;. T\u00e1 s\u00e9 seo comhdh\u00e9anta de na heilimint\u00ed dubh (dubh) agus linn (linn). Sa l\u00e1 at\u00e1 inniu ann sa Nua-Ghaeilge (Gaelic) tugtar Baile \u00c1tha Cliath air.<\/p>\n<p>Is \u00e9 Baile \u00c1tha Cliath baile Guinness agus t\u00e1 c\u00e1il ar fud an domhain air as a dtithe t\u00e1bhairne. T\u00e1 c\u00e1il air as cairdi\u00falacht agus f\u00e1ilteachas a cuid saor\u00e1nach. T\u00e1 Col\u00e1iste na Tr\u00edon\u00f3ide, baile leabhar Cheanannais a bhfuil c\u00e1il dhomhanda air, i mBaile \u00c1tha Cliath. T\u00e1 an ph\u00e1irc phoibl\u00ed is m\u00f3 san Eoraip aici, is \u00e9 sin P\u00e1irc an Fhionnuisce. Is as Baile \u00c1tha Cliath go leor siams\u00f3ir\u00ed nua-aimseartha ina measc U2, Sin\u00e9ad O\u2019Connor, Bob Geldof agus Colin Farrell. Seo ar fad agus go leor ruda\u00ed eile a chuireann cl\u00fa agus c\u00e1il ar Bhaile \u00c1tha Cliath ar fud an domhain. L\u00e9igh ar aghaidh le haghaidh tuilleadh eolais ar cheann de na pr\u00edomhchathracha is fearr san Eoraip!<\/p>\n<p style=\"text-align: justify;\">\n<\/div>\n\n<p style=\"text-align: justify;\"><div class=\"grid__item one-twelfth palm-one-whole \">\n\n<p style=\"text-align: justify;\">\n<\/div>\n\n<p style=\"text-align: justify;\">\n<\/div>\n\n<p style=\"text-align: justify;\"><div class=\"pixcode  pixcode--grid  grid  \">\n\n<p style=\"text-align: justify;\"><div class=\"grid__item four-twelfths palm-one-whole \">\n\n<p style=\"text-align: justify;\"><hr class=\"pixcode  pixcode--separator  separator separator--line separator_color--white\"\/>\n\n<p style=\"text-align: justify;\"><img loading=\"lazy\" decoding=\"async\" class=\"alignnone size-full wp-image-883\" src=\"http:\/\/thedubliner.gr\/wp-content\/uploads\/the-dubliner-pub_famous-landmark.jpg\" alt=\"the-dubliner-pub_Famous-Landmark\" width=\"800\" height=\"600\" srcset=\"https:\/\/thedubliner.gr\/wp-content\/uploads\/the-dubliner-pub_famous-landmark.jpg 800w, https:\/\/thedubliner.gr\/wp-content\/uploads\/the-dubliner-pub_famous-landmark-300x225.jpg 300w\" sizes=\"auto, (max-width: 800px) 100vw, 800px\" \/><\/p>\n<p style=\"text-align: justify;\">\n<\/div>\n\n<p style=\"text-align: justify;\"><div class=\"grid__item eight-twelfths palm-one-whole \">\n\n<h3 style=\"text-align: justify;\">Sainchomhartha\u00ed T\u00edre C\u00e1ili\u00fala<\/h3>\n<p>T\u00e1 go leor sainchomhartha\u00ed t\u00edre agus s\u00e9adchomhartha\u00ed ag dul siar na c\u00e9adta bliain i mBaile \u00c1tha Cliath. Ar cheann de na cinn is sine t\u00e1 Caisle\u00e1n Bhaile \u00c1tha Cliath, a th\u00e9ann siar go dt\u00ed 1204.<\/p>\n<p>Ar cheann de na s\u00e9adchomhartha\u00ed is nua\u00ed i mBaile \u00c1tha Cliath t\u00e1 Spuaic Bhaile \u00c1tha Cliath, n\u00f3 \u201cS\u00e9adchomhartha an tSolais\u201d mar theideal oifigi\u00fail air. Spuaic c\u00f3n\u00fail 121 m\u00e9adar (398\u00a0tr.) at\u00e1 ann d\u00e9anta as cruach dhosm\u00e1lta agus t\u00e1 s\u00e9 suite ar phr\u00edomhshr\u00e1id Bhaile \u00c1tha Cliath \u2013 Sr\u00e1id U\u00ed Chonaill.<\/p>\n<p>Is \u00ed Ard-Oifig an Phoist [Ard-Oifig an Phoist] ceanncheathr\u00fa Oifig an Phoist in \u00c9irinn, An Post, agus pr\u00edomhoifig an phoist i mBaile \u00c1tha Cliath. T\u00e1 s\u00e9 suite i l\u00e1r Shr\u00e1id U\u00ed Chonaill freisin agus t\u00e1 s\u00e9 ar cheann de na foirgnimh is c\u00e1ili\u00fala in \u00c9irinn, agus ba \u00e9 ceanncheathr\u00fa \u00c9ir\u00ed Amach stairi\u00fail na C\u00e1sca 1916 a chuir deireadh le smacht na Breataine in \u00c9irinn.<\/p>\n<p>T\u00e1 Droichead Ha\u2019penny\u00a0seandhroichead coise iarainn thar an Life ar cheann de na radharcanna is m\u00f3 a bhfuil grianghraif air i mBaile \u00c1tha Cliath agus meastar \u00e9 a bheith ar cheann de na sainchomhartha\u00ed t\u00edre is \u00edoc\u00f3nach i mBaile \u00c1tha Cliath. T\u00e9ann s\u00e9 siar go 1816 agus ainmn\u00edodh \u00e9 mar gheall ar an \u2018dola\u2019 a gearradh as Leathphingin a thrasn\u00fa.<\/p>\n<p>I measc na sainchomhartha\u00ed t\u00edre agus s\u00e9adchomhartha\u00ed eile a bhfuil t\u00f3ir orthu t\u00e1 Teach an Ard-Mh\u00e9ara, s\u00e9adchomhartha Anna Livia, dealbh Molly Malone, Ardeaglais Eaglais Chr\u00edost, Ardeaglais Ph\u00e1draig, Teach an Chustaim, agus \u00c1ras an Uachtar\u00e1in (Teach an Rialtais).<\/p>\n<p style=\"text-align: justify;\">\n<\/div>\n\n<p style=\"text-align: justify;\">\n<\/div>\n\n<p style=\"text-align: justify;\"><div class=\"pixcode  pixcode--grid  grid  \">\n\n<p style=\"text-align: justify;\"><div class=\"grid__item eight-twelfths palm-one-whole \">\n\n<h3 style=\"text-align: justify;\">Cult\u00far<\/h3>\n<p style=\"text-align: justify;\">T\u00e1 cl\u00fa domhanda ag Baile \u00c1tha Cliath ar stair liteartha, tar \u00e9is go leor daoine m\u00f3r le r\u00e1 liteartha a th\u00e1irgeadh, lena n-\u00e1ir\u00edtear na buaiteoir\u00ed Nobel William Butler Yeats, George Bernard Shaw agus Samuel Beckett. I measc na scr\u00edbhneoir\u00ed agus na dr\u00e1mad\u00f3ir\u00ed eile a bhfuil tionchar acu t\u00e1 Oscar Wilde, Jonathan Swift agus cruthaitheoir Dracula, Bram Stoker. D\u2019fh\u00e9adfa\u00ed a \u00e1iti\u00fa go bhfuil an-ch\u00e1il air mar l\u00e1thair na saothar is fearr de chuid James Joyce, Ulysses ina measc, at\u00e1 suite i mBaile \u00c1tha Cliath agus at\u00e1 l\u00e1n de mhionsonra\u00ed tr\u00e1th\u00fala. Cnuasach gearrsc\u00e9alta le Joyce faoi eachtra\u00ed agus pearsana tipici\u00fala na cathrach i dt\u00fas an 20\u00fa haois is ea Dubliners. I measc na scr\u00edbhneoir\u00ed aitheanta eile t\u00e1 J. M. Synge, Se\u00e1n O\u2019Casey, Brendan Behan, Maeve Binchy, agus Roddy Doyle. In 2010, ainmn\u00edodh Baile \u00c1tha Cliath mar Chathair Litr\u00edochta UNESCO, a cheangail D\u00fan \u00c9ideann, Melbourne agus Iowa City leis an teideal buan.<\/p>\n<p style=\"text-align: justify;\">\n<\/div>\n\n<p style=\"text-align: justify;\"><div class=\"grid__item four-twelfths palm-one-whole \">\n\n<h3 style=\"text-align: justify;\"><\/h3>\n<p style=\"text-align: justify;\"><img loading=\"lazy\" decoding=\"async\" class=\"alignnone size-full wp-image-773\" src=\"http:\/\/thedubliner.gr\/wp-content\/uploads\/the-dubliner-pub_culture.jpg\" alt=\"the-dubliner-pub_Culture\" width=\"800\" height=\"600\" srcset=\"https:\/\/thedubliner.gr\/wp-content\/uploads\/the-dubliner-pub_culture.jpg 800w, https:\/\/thedubliner.gr\/wp-content\/uploads\/the-dubliner-pub_culture-300x225.jpg 300w, https:\/\/thedubliner.gr\/wp-content\/uploads\/the-dubliner-pub_culture-400x300.jpg 400w\" sizes=\"auto, (max-width: 800px) 100vw, 800px\" \/><\/p>\n<p style=\"text-align: justify;\">\n<\/div>\n\n<p style=\"text-align: justify;\">\n<\/div>\n\n<p style=\"text-align: justify;\"><div class=\"pixcode  pixcode--grid  grid  \">\n\n<p style=\"text-align: justify;\"><div class=\"grid__item four-twelfths palm-one-whole \">\n\n<p style=\"text-align: justify;\"><hr class=\"pixcode  pixcode--separator  separator separator--line separator_color--white\"\/>\n\n<p style=\"text-align: justify;\"><img loading=\"lazy\" decoding=\"async\" class=\"alignnone size-full wp-image-774\" src=\"http:\/\/thedubliner.gr\/wp-content\/uploads\/the-dubliner-pub_entertainment.jpg\" alt=\"the-dubliner-pub_Entertainment\" width=\"800\" height=\"600\" srcset=\"https:\/\/thedubliner.gr\/wp-content\/uploads\/the-dubliner-pub_entertainment.jpg 800w, https:\/\/thedubliner.gr\/wp-content\/uploads\/the-dubliner-pub_entertainment-300x225.jpg 300w, https:\/\/thedubliner.gr\/wp-content\/uploads\/the-dubliner-pub_entertainment-400x300.jpg 400w\" sizes=\"auto, (max-width: 800px) 100vw, 800px\" \/><\/p>\n<p style=\"text-align: justify;\">\n<\/div>\n\n<p style=\"text-align: justify;\"><div class=\"grid__item eight-twelfths palm-one-whole \">\n\n<h3 style=\"text-align: justify;\">Siamsa\u00edocht<\/h3>\n<p>T\u00e1 saol o\u00edche br\u00edomhar ag Baile \u00c1tha Cliath agus t\u00e1 s\u00e9 ar cheann de na cathracha is \u00f3ige san Eoraip de r\u00e9ir dealraimh, le meastach\u00e1n go bhfuil 50% de shaor\u00e1naigh n\u00edos \u00f3ige n\u00e1 25. T\u00e1 go leor tithe t\u00e1bhairne ar fud l\u00e1r na cathrach, ach is \u00e9 Barra an Teampaill an ceantar is m\u00f3 c\u00e1il ar o\u00edcheanta na ho\u00edche. na Life. T\u00e1 an-t\u00f3ir ar an gceantar i measc turas\u00f3ir\u00ed, lena n-\u00e1ir\u00edtear c\u00f3isir\u00ed damh agus cearc \u00f3 ar fud na hEorpa.<\/p>\n<p>Seinntear ceol beo go coitianta ar shr\u00e1ideanna agus in ionaid ar fud Bhaile \u00c1tha Cliath agus t\u00e1 roinnt ceolt\u00f3ir\u00ed agus gr\u00fapa\u00ed rath\u00fala idirn\u00e1isi\u00fanta l\u00e9irithe ag an gcathair, ina measc U2, ball amh\u00e1in de Westlife, na Dubliners, na Thrills, Horslips, na Boomtown Rats, Boyzone, Ronan Keating, Thin Lizzy, Paddy Casey, Sin\u00e9ad O\u2019Connor, the Script agus My Bloody Valentine<\/p>\n<p style=\"text-align: justify;\">\n<\/div>\n\n<p style=\"text-align: justify;\">\n<\/div>\n\n<p style=\"text-align: justify;\"><div class=\"pixcode  pixcode--grid  grid  \">\n\n<p style=\"text-align: justify;\"><div class=\"grid__item eight-twelfths palm-one-whole \">\n\n<h3 style=\"text-align: justify;\">Sp\u00f3rt<\/h3>\n<p>Is \u00ed P\u00e1irc an Chr\u00f3caigh an staidiam sp\u00f3irt is m\u00f3 in \u00c9irinn. Is \u00e9 ceanncheathr\u00fa Chumann L\u00fathchleas Gael (CLG) \u00e9, agus t\u00e1 toilleadh de 84,500 aige agus is \u00e9 an ceathr\u00fa staidiam is m\u00f3 san Eoraip \u00e9. Re\u00e1cht\u00e1lann s\u00e9 pr\u00edomhchluich\u00ed peile agus iom\u00e1na na nGael, peil rialacha idirn\u00e1isi\u00fanta agus imeachta\u00ed eile sp\u00f3irt agus eile lena n-\u00e1ir\u00edtear ceolchoirmeacha.<\/p>\n<p>T\u00e1 ionaid sp\u00f3irt c\u00e1ili\u00fala eile ag Baile \u00c1tha Cliath freisin ar n\u00f3s Staidiam Rugba\u00ed B\u00f3thar Landsd\u00fan (ar a dtugtar Staid Aviva); c\u00farsa\u00ed r\u00e1sa\u00edochta madra\u00ed agus capall i bP\u00e1irc Sh\u00edol Bhroin agus i mBaile na Lobhar, ionad Cispheil N\u00e1isi\u00fanta agus Staidiam N\u00e1isi\u00fanta Uisce<\/p>\n<p style=\"text-align: justify;\">\n<\/div>\n\n<p style=\"text-align: justify;\"><div class=\"grid__item four-twelfths palm-one-whole \">\n\n<p style=\"text-align: justify;\"><hr class=\"pixcode  pixcode--separator  separator separator--line separator_color--white\"\/>\n\n<p style=\"text-align: justify;\"><img loading=\"lazy\" decoding=\"async\" class=\"alignnone size-full wp-image-777\" src=\"http:\/\/thedubliner.gr\/wp-content\/uploads\/the-dubliner-pub_sport.jpg\" alt=\"the-dubliner-pub_Sport\" width=\"800\" height=\"600\" srcset=\"https:\/\/thedubliner.gr\/wp-content\/uploads\/the-dubliner-pub_sport.jpg 800w, https:\/\/thedubliner.gr\/wp-content\/uploads\/the-dubliner-pub_sport-300x225.jpg 300w, https:\/\/thedubliner.gr\/wp-content\/uploads\/the-dubliner-pub_sport-400x300.jpg 400w\" sizes=\"auto, (max-width: 800px) 100vw, 800px\" \/><\/p>\n<p style=\"text-align: justify;\">\n<\/div>\n\n<p style=\"text-align: justify;\">\n<\/div>\n\n<p style=\"text-align: justify;\"><div class=\"pixcode  pixcode--grid  grid  \">\n\n<p style=\"text-align: justify;\"><div class=\"grid__item four-twelfths palm-one-whole \">\n\n<p style=\"text-align: justify;\"><hr class=\"pixcode  pixcode--separator  separator separator--line separator_color--white\"\/>\n\n<p style=\"text-align: justify;\"><img loading=\"lazy\" decoding=\"async\" class=\"alignnone size-full wp-image-776\" src=\"http:\/\/thedubliner.gr\/wp-content\/uploads\/the-dubliner-pub_irish-language.jpg\" alt=\"the-dubliner-pub_Irish-Language\" width=\"800\" height=\"600\" srcset=\"https:\/\/thedubliner.gr\/wp-content\/uploads\/the-dubliner-pub_irish-language.jpg 800w, https:\/\/thedubliner.gr\/wp-content\/uploads\/the-dubliner-pub_irish-language-300x225.jpg 300w, https:\/\/thedubliner.gr\/wp-content\/uploads\/the-dubliner-pub_irish-language-400x300.jpg 400w\" sizes=\"auto, (max-width: 800px) 100vw, 800px\" \/><\/p>\n<p style=\"text-align: justify;\">\n<\/div>\n\n<p style=\"text-align: justify;\"><div class=\"grid__item eight-twelfths palm-one-whole \">\n\n<h3 style=\"text-align: justify;\">An Ghaeilge<\/h3>\n<p>C\u00e9 gurb \u00e9 an B\u00e9arla an phr\u00edomhtheanga labhartha, m\u00faintear an Ghaeilge dh\u00fachais f\u00f3s i ngach scoil in \u00c9irinn agus t\u00e1 os cionn 15,000 dalta a th\u00e9ann go ceann de 31 scoil l\u00e1n-Ghaeilge i mBaile \u00c1tha Cliath. Seo cuid de na focail Ghaeilge at\u00e1 le foghlaim agat (as Gaeilge):-<\/p>\n<ul>\n<li>Sl\u00e1inte! \u2013 cialla\u00edonn Sl\u00e1inte as Gaeilge, \u00fas\u00e1idtear \u00e9 agus \u00ed ag \u00f3l le haghaidh \u2018Cheers\u2019 n\u00f3 \u0393\u03b1\u03bc\u03b1\u03c3\u03c2! Tugtar \u2018sloyn-cha\u2019 air.<\/li>\n<li>Bealach an-choitianta le Dia Dhuit a r\u00e1 i nGaeilge &#8211; \u0393\u03b5\u03b9\u03c3\u03b1\u03c2. Go litri\u00fail, cialla\u00edonn s\u00e9 rud \u00e9igin cos\u00fail le \u201cDia duit\u201d. Fuaimeann t\u00fa mar seo \u00e9: jee-ah ghwit.<\/li>\n<li>Conas at\u00e1 t\u00fa? Is Conas At\u00e1 T\u00fa \/ \u03a4\u03b9 \u039a\u03b1\u03bd\u03b5\u03b9\u03c2? Abair mar seo \u00e9: cun-us ah-taw freisin.<\/li>\n<li>P\u00f3g Mo Th\u00f3in = Ceann de na fr\u00e1sa\u00ed is coitianta a th\u00f3gann turas\u00f3ir\u00ed suas agus iad i mBaile \u00c1tha Cliath! Iarr ar bhall foirne a mh\u00edni\u00fa\u2026..<\/li>\n<\/ul>\n<p>M\u00e1 l\u00e9ann t\u00fa \u00e9 seo go l\u00e9ir caithfidh tart a bheith ort faoi l\u00e1thair! Mar sin t\u00e9igh ar aghaidh agus ordaigh \u2018Pionta an Stuif Duibhe\u2019 \u2013 Guinness agus abair Sl\u00e1inte!<\/p>\n<p style=\"text-align: justify;\">\n<\/div>\n\n<p style=\"text-align: justify;\">\n<\/div>\n\n","protected":false},"excerpt":{"rendered":"","protected":false},"author":1,"featured_media":0,"parent":0,"menu_order":0,"comment_status":"closed","ping_status":"closed","template":"","meta":{"footnotes":""},"class_list":["post-4398","page","type-page","status-publish","hentry"],"_links":{"self":[{"href":"https:\/\/thedubliner.gr\/ga\/wp-json\/wp\/v2\/pages\/4398","targetHints":{"allow":["GET"]}}],"collection":[{"href":"https:\/\/thedubliner.gr\/ga\/wp-json\/wp\/v2\/pages"}],"about":[{"href":"https:\/\/thedubliner.gr\/ga\/wp-json\/wp\/v2\/types\/page"}],"author":[{"embeddable":true,"href":"https:\/\/thedubliner.gr\/ga\/wp-json\/wp\/v2\/users\/1"}],"replies":[{"embeddable":true,"href":"https:\/\/thedubliner.gr\/ga\/wp-json\/wp\/v2\/comments?post=4398"}],"version-history":[{"count":2,"href":"https:\/\/thedubliner.gr\/ga\/wp-json\/wp\/v2\/pages\/4398\/revisions"}],"predecessor-version":[{"id":4399,"href":"https:\/\/thedubliner.gr\/ga\/wp-json\/wp\/v2\/pages\/4398\/revisions\/4399"}],"wp:attachment":[{"href":"https:\/\/thedubliner.gr\/ga\/wp-json\/wp\/v2\/media?parent=4398"}],"curies":[{"name":"wp","href":"https:\/\/api.w.org\/{rel}","templated":true}]}}