{"id":4395,"date":"2015-06-09T20:00:24","date_gmt":"2015-06-09T17:00:24","guid":{"rendered":"https:\/\/thedubliner.gr\/legal\/"},"modified":"2022-03-30T19:09:12","modified_gmt":"2022-03-30T16:09:12","slug":"legal","status":"publish","type":"page","link":"https:\/\/thedubliner.gr\/ga\/legal\/","title":{"rendered":"legal"},"content":{"rendered":"<div id=\"fb-root\"><\/div>\n<p style=\"padding-left: 60px;\"><strong>SONRA\u00cd NA CUIDEACHTA &amp; FAISN\u00c9IS DL\u00cd<\/strong><\/p>\n<p style=\"padding-left: 60px;\"><strong>Ainm Tr\u00e1d\u00e1la<\/strong><br \/>\nAn Baile \u00c1tha Cliathach<\/p>\n<p style=\"padding-left: 60px;\"><strong>Ainm Dl\u00ed Ioml\u00e1n<\/strong><br \/>\nComhph\u00e1irt\u00edocht Seirbh\u00eds\u00ed L\u00f3nad\u00f3ireachta Dubliner<\/p>\n<p style=\"padding-left: 60px;\"><strong>Seoladh<\/strong><br \/>\nKatouni 16, Ladadika, 54625, Thessaloniki\u039a\u03b1\u03c4\u03bf\u03c5\u03bd\u03b7 16, \u039b\u03b1\u03b4\u03b1\u03b4\u03b9\u03ba\u03b1, 54625, \u0398\u03b5\u03c3\u03c3\u03b1\u03bb\u03bf\u03bd\u03b9\u03ba\u03b7<\/p>\n<p style=\"padding-left: 60px;\"><strong>Aitheantas C\u00e1nach:<\/strong> 800657282<\/p>\n<p style=\"padding-left: 60px;\"><strong>Riarth\u00f3ir:<\/strong> Ken Hickey<\/p>\n<p style=\"padding-left: 60px;\"><strong>R\u00edomhphost:<\/strong> info@thedubliner.gr<\/p>\n<p style=\"padding-left: 60px;\"><strong>Guth\u00e1n:<\/strong> +30 2310 5178 65<\/p>\n<p style=\"padding-left: 60px;\"><strong>Su\u00edomh Gr\u00e9as\u00e1in:<\/strong> www.thedubliner.gr<\/p>\n","protected":false},"excerpt":{"rendered":"<p>SONRA\u00cd NA CUIDEACHTA &amp; FAISN\u00c9IS DL\u00cd Ainm Tr\u00e1d\u00e1la An Baile \u00c1tha Cliathach Ainm Dl\u00ed Ioml\u00e1n Comhph\u00e1irt\u00edocht Seirbh\u00eds\u00ed L\u00f3nad\u00f3ireachta Dubliner Seoladh Katouni 16, Ladadika, 54625, Thessaloniki\u039a\u03b1\u03c4\u03bf\u03c5\u03bd\u03b7 16, \u039b\u03b1\u03b4\u03b1\u03b4\u03b9\u03ba\u03b1, 54625, \u0398\u03b5\u03c3\u03c3\u03b1\u03bb\u03bf\u03bd\u03b9\u03ba\u03b7 Aitheantas C\u00e1nach: 800657282 Riarth\u00f3ir: Ken Hickey R\u00edomhphost: info@thedubliner.gr Guth\u00e1n: +30 2310 5178 65 Su\u00edomh Gr\u00e9as\u00e1in: www.thedubliner.gr<\/p>\n","protected":false},"author":1,"featured_media":0,"parent":0,"menu_order":0,"comment_status":"closed","ping_status":"closed","template":"","meta":{"footnotes":""},"class_list":["post-4395","page","type-page","status-publish","hentry"],"_links":{"self":[{"href":"https:\/\/thedubliner.gr\/ga\/wp-json\/wp\/v2\/pages\/4395","targetHints":{"allow":["GET"]}}],"collection":[{"href":"https:\/\/thedubliner.gr\/ga\/wp-json\/wp\/v2\/pages"}],"about":[{"href":"https:\/\/thedubliner.gr\/ga\/wp-json\/wp\/v2\/types\/page"}],"author":[{"embeddable":true,"href":"https:\/\/thedubliner.gr\/ga\/wp-json\/wp\/v2\/users\/1"}],"replies":[{"embeddable":true,"href":"https:\/\/thedubliner.gr\/ga\/wp-json\/wp\/v2\/comments?post=4395"}],"version-history":[{"count":2,"href":"https:\/\/thedubliner.gr\/ga\/wp-json\/wp\/v2\/pages\/4395\/revisions"}],"predecessor-version":[{"id":4397,"href":"https:\/\/thedubliner.gr\/ga\/wp-json\/wp\/v2\/pages\/4395\/revisions\/4397"}],"wp:attachment":[{"href":"https:\/\/thedubliner.gr\/ga\/wp-json\/wp\/v2\/media?parent=4395"}],"curies":[{"name":"wp","href":"https:\/\/api.w.org\/{rel}","templated":true}]}}