{"id":4389,"date":"2015-05-02T15:14:14","date_gmt":"2015-05-02T12:14:14","guid":{"rendered":"https:\/\/thedubliner.gr\/home\/h_menu\/"},"modified":"2022-03-30T19:02:22","modified_gmt":"2022-03-30T16:02:22","slug":"h_menu","status":"publish","type":"page","link":"https:\/\/thedubliner.gr\/ga\/home\/h_menu\/","title":{"rendered":"h_menu"},"content":{"rendered":"<div id=\"fb-root\"><\/div>\n<div class=\"pixcode  pixcode--grid  grid  \">\n\n<div class=\"grid__item six-twelfths palm-one-whole \">\n\n\n\t\t<style type='text\/css'>\n\t\t\t#gallery-0 {\n\t\t\t\tmargin: auto;\n\t\t\t}\n\t\t\t#gallery-0 .gallery-item {\n\t\t\t\tfloat: left;\n\t\t\t\ttext-align: center;\n\t\t\t\twidth: 50%;\n\t\t\t}\n\t\t\t\/* see gallery_shortcode() in wp-includes\/media.php *\/\n\t\t<\/style>\n\t\t<div id='gallery-0' class='gallery galleryid-4389 gallery-columns-2 gallery-size-medium'><figure class='gallery-item'>\n\t\t\t<div class='gallery-icon landscape'>\n\t\t\t\t<a data-title=\"the-dubliner_FoodMenu_001\" data-alt=\"\" href='https:\/\/thedubliner.gr\/wp-content\/uploads\/the-dubliner_foodmenu_001.jpg'><img loading=\"lazy\" decoding=\"async\" width=\"300\" height=\"188\" src=\"https:\/\/thedubliner.gr\/wp-content\/uploads\/the-dubliner_foodmenu_001-300x188.jpg\" class=\"attachment-medium size-medium\" alt=\"\" srcset=\"https:\/\/thedubliner.gr\/wp-content\/uploads\/the-dubliner_foodmenu_001-300x188.jpg 300w, https:\/\/thedubliner.gr\/wp-content\/uploads\/the-dubliner_foodmenu_001-400x250.jpg 400w, https:\/\/thedubliner.gr\/wp-content\/uploads\/the-dubliner_foodmenu_001.jpg 800w\" sizes=\"auto, (max-width: 300px) 100vw, 300px\" \/><\/a>\n\t\t\t<\/div><\/figure><figure class='gallery-item'>\n\t\t\t<div class='gallery-icon landscape'>\n\t\t\t\t<a data-title=\"the-dubliner_FoodMenu_002\" data-alt=\"\" href='https:\/\/thedubliner.gr\/wp-content\/uploads\/the-dubliner_foodmenu_002.jpg'><img loading=\"lazy\" decoding=\"async\" width=\"300\" height=\"188\" src=\"https:\/\/thedubliner.gr\/wp-content\/uploads\/the-dubliner_foodmenu_002-300x188.jpg\" class=\"attachment-medium size-medium\" alt=\"\" srcset=\"https:\/\/thedubliner.gr\/wp-content\/uploads\/the-dubliner_foodmenu_002-300x188.jpg 300w, https:\/\/thedubliner.gr\/wp-content\/uploads\/the-dubliner_foodmenu_002-400x250.jpg 400w, https:\/\/thedubliner.gr\/wp-content\/uploads\/the-dubliner_foodmenu_002.jpg 800w\" sizes=\"auto, (max-width: 300px) 100vw, 300px\" \/><\/a>\n\t\t\t<\/div><\/figure><figure class='gallery-item'>\n\t\t\t<div class='gallery-icon landscape'>\n\t\t\t\t<a data-title=\"the-dubliner_FoodMenu_003\" data-alt=\"\" href='https:\/\/thedubliner.gr\/wp-content\/uploads\/the-dubliner_foodmenu_003.jpg'><img loading=\"lazy\" decoding=\"async\" width=\"300\" height=\"188\" src=\"https:\/\/thedubliner.gr\/wp-content\/uploads\/the-dubliner_foodmenu_003-300x188.jpg\" class=\"attachment-medium size-medium\" alt=\"\" srcset=\"https:\/\/thedubliner.gr\/wp-content\/uploads\/the-dubliner_foodmenu_003-300x188.jpg 300w, https:\/\/thedubliner.gr\/wp-content\/uploads\/the-dubliner_foodmenu_003-400x250.jpg 400w, https:\/\/thedubliner.gr\/wp-content\/uploads\/the-dubliner_foodmenu_003.jpg 800w\" sizes=\"auto, (max-width: 300px) 100vw, 300px\" \/><\/a>\n\t\t\t<\/div><\/figure><figure class='gallery-item'>\n\t\t\t<div class='gallery-icon landscape'>\n\t\t\t\t<a data-title=\"the-dubliner_FoodMenu_004\" data-alt=\"\" href='https:\/\/thedubliner.gr\/wp-content\/uploads\/the-dubliner_foodmenu_004.jpg'><img loading=\"lazy\" decoding=\"async\" width=\"300\" height=\"188\" src=\"https:\/\/thedubliner.gr\/wp-content\/uploads\/the-dubliner_foodmenu_004-300x188.jpg\" class=\"attachment-medium size-medium\" alt=\"\" srcset=\"https:\/\/thedubliner.gr\/wp-content\/uploads\/the-dubliner_foodmenu_004-300x188.jpg 300w, https:\/\/thedubliner.gr\/wp-content\/uploads\/the-dubliner_foodmenu_004-400x250.jpg 400w, https:\/\/thedubliner.gr\/wp-content\/uploads\/the-dubliner_foodmenu_004.jpg 800w\" sizes=\"auto, (max-width: 300px) 100vw, 300px\" \/><\/a>\n\t\t\t<\/div><\/figure>\n\t\t<\/div>\n\n\n<\/div>\n\n<div class=\"grid__item six-twelfths palm-one-whole island\">\n\n<hgroup class=\"pixcode  pixcode--heading article__headline\">\n\t<h2 class=\"headline__secondary\"><span class=\"first-letter\">F<\/span>ood<\/h2>\n\t<h1 class=\"headline__primary\">Menu<\/h1>\n<\/hgroup>\n<div class=\"pixcode  pixcode--separator  separator separator--flower separator_color--dark\">&#10043;<\/div>\n\n<p style=\"text-align: center;\">D\u00f3ibh si\u00fad a bhfuil f\u00edor-mheas acu ar bhia, tar chuig The Dubliner agus s\u00e1saigh do mhianta len\u00e1r bpl\u00e1ta\u00ed spreagtha \u00c9ireannacha agus Eorpacha.<\/p>\n<p style=\"text-align: center;\">Is bre\u00e1 linn bia, go leor bia difri\u00fail, d\u00edreach cos\u00fail leatsa.<\/p>\n<p style=\"text-align: center;\"><a  class=\"pixcode  pixcode--btn  btn  btn--text\" href=\"menu\/\" >View The Full Menu<\/a>\n\n<\/div>\n\n\n<\/div>\n\n","protected":false},"excerpt":{"rendered":"","protected":false},"author":1,"featured_media":0,"parent":4299,"menu_order":1,"comment_status":"closed","ping_status":"closed","template":"","meta":{"footnotes":""},"class_list":["post-4389","page","type-page","status-publish","hentry"],"_links":{"self":[{"href":"https:\/\/thedubliner.gr\/ga\/wp-json\/wp\/v2\/pages\/4389","targetHints":{"allow":["GET"]}}],"collection":[{"href":"https:\/\/thedubliner.gr\/ga\/wp-json\/wp\/v2\/pages"}],"about":[{"href":"https:\/\/thedubliner.gr\/ga\/wp-json\/wp\/v2\/types\/page"}],"author":[{"embeddable":true,"href":"https:\/\/thedubliner.gr\/ga\/wp-json\/wp\/v2\/users\/1"}],"replies":[{"embeddable":true,"href":"https:\/\/thedubliner.gr\/ga\/wp-json\/wp\/v2\/comments?post=4389"}],"version-history":[{"count":2,"href":"https:\/\/thedubliner.gr\/ga\/wp-json\/wp\/v2\/pages\/4389\/revisions"}],"predecessor-version":[{"id":4391,"href":"https:\/\/thedubliner.gr\/ga\/wp-json\/wp\/v2\/pages\/4389\/revisions\/4391"}],"up":[{"embeddable":true,"href":"https:\/\/thedubliner.gr\/ga\/wp-json\/wp\/v2\/pages\/4299"}],"wp:attachment":[{"href":"https:\/\/thedubliner.gr\/ga\/wp-json\/wp\/v2\/media?parent=4389"}],"curies":[{"name":"wp","href":"https:\/\/api.w.org\/{rel}","templated":true}]}}