{"id":4373,"date":"2015-05-20T15:46:13","date_gmt":"2015-05-20T12:46:13","guid":{"rendered":"https:\/\/thedubliner.gr\/events\/"},"modified":"2022-03-22T12:46:51","modified_gmt":"2022-03-22T10:46:51","slug":"events","status":"publish","type":"page","link":"https:\/\/thedubliner.gr\/ga\/events\/","title":{"rendered":"Imeachta\u00ed"},"content":{"rendered":"<div id=\"fb-root\"><\/div>\n<div class=\"pixcode  pixcode--grid  grid  \">\n\n<div class=\"grid__item three-twelfths palm-one-whole \">\n\n\n<\/div>\n\n<div class=\"grid__item six-twelfths palm-one-whole \">\n\n<h3 style=\"text-align: center;\">L\u00e9ir\u00edonn an Dubliner<br \/>\nGach m\u00f3r-imeachta\u00ed sp\u00f3irt saor in aisce<\/h3>\n<p style=\"text-align: center;\">Is cuma m\u00e1 bhaineann t\u00fa taitneamh as Peil, Rugba\u00ed, R\u00e1sa\u00edocht Capall, Darts, Sn\u00e1mh n\u00f3 an chraobhchom\u00f3rtas \u2018Tiddlywinks\u2019 is d\u00e9ana\u00ed is f\u00e9idir linn \u00e9 a thaispe\u00e1int ar cheann d\u00e1r 5 theilif\u00edse\u00e1n Ardghl\u00e9ine ar Sc\u00e1ile\u00e1n M\u00f3r. Nuair is cu\u00ed seinnfimid tr\u00e1chtaireacht Bh\u00e9arla.<\/p>\n<p style=\"text-align: center;\"><div class=\"pixcode  pixcode--separator  separator separator--flower\">&#10043;<\/div>\n\n<p style=\"text-align: center;\"><strong>Breathnaigh ar \u00e1r dtreoir sp\u00f3irt le haghaidh imeachta\u00ed at\u00e1 le teacht!<\/strong><\/p>\n<p style=\"text-align: center;\"><a  class=\"pixcode  pixcode--btn  btn\" href=\"http:\/\/thedubliner.gr\/category\/sport\/\" >Sport events<\/a>\n<p><span style=\"line-height: 1.5;\">\n<\/div>\n<\/span><\/p>\n<div class=\"grid__item six-twelfths palm-one-whole \">\n\n<p><img loading=\"lazy\" decoding=\"async\" class=\" size-full wp-image-785 aligncenter\" src=\"http:\/\/thedubliner.gr\/wp-content\/uploads\/the-dubliner-pub_sport1.jpg\" alt=\"the-dubliner-pub_Sport\" width=\"800\" height=\"600\" srcset=\"https:\/\/thedubliner.gr\/wp-content\/uploads\/the-dubliner-pub_sport1.jpg 800w, https:\/\/thedubliner.gr\/wp-content\/uploads\/the-dubliner-pub_sport1-300x225.jpg 300w, https:\/\/thedubliner.gr\/wp-content\/uploads\/the-dubliner-pub_sport1-400x300.jpg 400w\" sizes=\"auto, (max-width: 800px) 100vw, 800px\" \/><\/p>\n\n<\/div>\n\n\n<\/div>\n\n<hr class=\"pixcode  pixcode--separator  separator separator--line separator_color--white\"\/>\n\n<div class=\"pixcode  pixcode--grid  grid  \">\n\n<div class=\"grid__item six-twelfths palm-one-whole \">\n\n<p><img loading=\"lazy\" decoding=\"async\" class=\"alignnone size-full wp-image-783\" src=\"http:\/\/thedubliner.gr\/wp-content\/uploads\/the-dubliner-pub_music.jpg\" alt=\"the-dubliner-pub_Music\" width=\"800\" height=\"600\" srcset=\"https:\/\/thedubliner.gr\/wp-content\/uploads\/the-dubliner-pub_music.jpg 800w, https:\/\/thedubliner.gr\/wp-content\/uploads\/the-dubliner-pub_music-300x225.jpg 300w, https:\/\/thedubliner.gr\/wp-content\/uploads\/the-dubliner-pub_music-400x300.jpg 400w\" sizes=\"auto, (max-width: 800px) 100vw, 800px\" \/><\/p>\n\n<\/div>\n\n<div class=\"grid__item six-twelfths palm-one-whole \">\n\n<h3 style=\"text-align: center;\"><span style=\"line-height: 1.5;\">Imeachta\u00ed ceoil <\/span><\/h3>\n<p style=\"text-align: center;\">Tar s\u00edos agus bain sult as ceann d\u00e1r n-o\u00edcheanta ceoil beo agus boogie an o\u00edche ar shi\u00fal!<\/p>\n<p style=\"text-align: center;\"><div class=\"pixcode  pixcode--separator  separator separator--flower\">&#10043;<\/div>\n\n<p style=\"text-align: center;\"><strong>Breathnaigh in\u00e1r rann\u00f3g ceoil le haghaidh o\u00edcheanta ceoil beo at\u00e1 le teacht!<\/strong><\/p>\n<p style=\"text-align: center;\"><a  class=\"pixcode  pixcode--btn  btn\" href=\"http:\/\/thedubliner.gr\/category\/music\/\" >Music events<\/a>\n\n<\/div>\n\n\n<\/div>\n\n<hr class=\"pixcode  pixcode--separator  separator separator--line separator_color--white\"\/>\n\n<div class=\"pixcode  pixcode--grid  grid  \">\n\n<div class=\"grid__item six-twelfths palm-one-whole \">\n\n<h3 style=\"text-align: center;\">Imeachta\u00ed speisialta<\/h3>\n<p style=\"text-align: center;\">Is f\u00e9idir linn freastal ar d\u2019imeachta\u00ed speisialta, laethanta breithe, laethanta ainm, c\u00f3isir\u00ed oifige, gealltanais, p\u00f3sta\u00ed, colscartha\u00ed&#8230;<br \/>\nCuir in i\u00fal d\u00fainn agus d\u00e9anfaimid l\u00e1 speisialta de.<\/p>\n<p style=\"text-align: center;\"><div class=\"pixcode  pixcode--separator  separator separator--flower\">&#10043;<\/div>\n\n<p style=\"text-align: center;\"><strong>D\u00e9an teagmh\u00e1il linn le d\u2019imeacht a phlean\u00e1il<\/strong><\/p>\n<p style=\"text-align: center;\"><a  class=\"pixcode  pixcode--btn  btn\" href=\"http:\/\/thedubliner.gr\/contact\/\" >Contact<\/a>\n\n<\/div>\n\n<div class=\"grid__item six-twelfths palm-one-whole \">\n\n<p><img loading=\"lazy\" decoding=\"async\" class=\"alignnone size-full wp-image-784\" src=\"http:\/\/thedubliner.gr\/wp-content\/uploads\/the-dubliner-pub_special.jpg\" alt=\"the-dubliner-pub_Special\" width=\"800\" height=\"600\" srcset=\"https:\/\/thedubliner.gr\/wp-content\/uploads\/the-dubliner-pub_special.jpg 800w, https:\/\/thedubliner.gr\/wp-content\/uploads\/the-dubliner-pub_special-300x225.jpg 300w, https:\/\/thedubliner.gr\/wp-content\/uploads\/the-dubliner-pub_special-400x300.jpg 400w\" sizes=\"auto, (max-width: 800px) 100vw, 800px\" \/><\/p>\n\n<\/div>\n\n\n<\/div>\n\n","protected":false},"excerpt":{"rendered":"","protected":false},"author":1,"featured_media":0,"parent":0,"menu_order":0,"comment_status":"closed","ping_status":"closed","template":"","meta":{"footnotes":""},"class_list":["post-4373","page","type-page","status-publish","hentry"],"_links":{"self":[{"href":"https:\/\/thedubliner.gr\/ga\/wp-json\/wp\/v2\/pages\/4373","targetHints":{"allow":["GET"]}}],"collection":[{"href":"https:\/\/thedubliner.gr\/ga\/wp-json\/wp\/v2\/pages"}],"about":[{"href":"https:\/\/thedubliner.gr\/ga\/wp-json\/wp\/v2\/types\/page"}],"author":[{"embeddable":true,"href":"https:\/\/thedubliner.gr\/ga\/wp-json\/wp\/v2\/users\/1"}],"replies":[{"embeddable":true,"href":"https:\/\/thedubliner.gr\/ga\/wp-json\/wp\/v2\/comments?post=4373"}],"version-history":[{"count":2,"href":"https:\/\/thedubliner.gr\/ga\/wp-json\/wp\/v2\/pages\/4373\/revisions"}],"predecessor-version":[{"id":4375,"href":"https:\/\/thedubliner.gr\/ga\/wp-json\/wp\/v2\/pages\/4373\/revisions\/4375"}],"wp:attachment":[{"href":"https:\/\/thedubliner.gr\/ga\/wp-json\/wp\/v2\/media?parent=4373"}],"curies":[{"name":"wp","href":"https:\/\/api.w.org\/{rel}","templated":true}]}}