{"id":4369,"date":"2014-05-30T14:17:08","date_gmt":"2014-05-30T14:17:08","guid":{"rendered":"https:\/\/thedubliner.gr\/contact\/"},"modified":"2022-03-22T12:42:48","modified_gmt":"2022-03-22T10:42:48","slug":"contact","status":"publish","type":"page","link":"https:\/\/thedubliner.gr\/ga\/contact\/","title":{"rendered":"Teagmh\u00e1il"},"content":{"rendered":"<div id=\"fb-root\"><\/div>\n<div class=\"pixcode  pixcode--grid  grid  thick-gutter  \">\n<div class=\"grid__item six-twelfths palm-one-whole \">\n\n<h3 class=\"flush--top\">T\u00e9igh i dteagmh\u00e1il<\/h3>\n<p>B\u00edonn an-\u00e1thas ar fhoireann The Dubliner i gc\u00f3na\u00ed cloiste\u00e1il \u00f3n\u00e1r gcustaim\u00e9ir\u00ed agus a n-aiseolas agus a dtuairim\u00ed a fh\u00e1il. Mar sin m\u00e1 t\u00e1 aon cheist n\u00f3 tuairim\u00ed agat, cuir in i\u00fal d\u00fainn le do thoil cib\u00e9 bealach is \u00e1isi\u00fala. Iarr ar shi\u00fal. N\u00edl aon cheist r\u00e9as\u00fanta nach f\u00e9idir len\u00e1r bhfoireann a fhreagairt!<\/p>\n<h3>Lean orainn<\/h3>\n<a class=\"pixcode-icon-link\"  href=\"https:\/\/www.facebook.com\/pages\/Dubliner\/1456756191235153\"  target=\"_blank\" \"><i class=\"pixcode  pixcode--icon  icon-e-facebook  circle  medium  \"><\/i><\/a>\n<a class=\"pixcode-icon-link\"  href=\"https:\/\/foursquare.com\/v\/the-dubliner\/553d2839498ea7f8e0465bfc\"  target=\"_blank\" \"><i class=\"pixcode  pixcode--icon  icon-e-foursquare  circle  medium  \"><\/i><\/a>\n<a class=\"pixcode-icon-link\"  href=\"http:\/\/www.tripadvisor.com\/Restaurant_Review-g189473-d8378680-Reviews-The_Dubliner-Thessaloniki_Thessaloniki_Region_Central_Macedonia.html\"  target=\"_blank\" \"><i class=\"pixcode  pixcode--icon  icon-e-tripadvisor  circle  medium  \"><\/i><\/a>\n\n<\/div>\n\n<div class=\"grid__item six-twelfths palm-one-whole \">\n\n\n<div class=\"wpcf7 no-js\" id=\"wpcf7-f4-o1\" lang=\"en-US\" dir=\"ltr\">\n<div class=\"screen-reader-response\"><p role=\"status\" aria-live=\"polite\" aria-atomic=\"true\"><\/p> <ul><\/ul><\/div>\n<form action=\"\/ga\/wp-json\/wp\/v2\/pages\/4369#wpcf7-f4-o1\" method=\"post\" class=\"wpcf7-form init\" aria-label=\"Contact form\" novalidate=\"novalidate\" data-status=\"init\">\n<div style=\"display: none;\">\n<input type=\"hidden\" name=\"_wpcf7\" value=\"4\" \/>\n<input type=\"hidden\" name=\"_wpcf7_version\" value=\"5.9.5\" \/>\n<input type=\"hidden\" name=\"_wpcf7_locale\" value=\"en_US\" \/>\n<input type=\"hidden\" name=\"_wpcf7_unit_tag\" value=\"wpcf7-f4-o1\" \/>\n<input type=\"hidden\" name=\"_wpcf7_container_post\" value=\"0\" \/>\n<input type=\"hidden\" name=\"_wpcf7_posted_data_hash\" value=\"\" \/>\n<\/div>\n<div class=\"grid pixcode--grid\">\n\t<div class=\"grid__item  six-twelfths palm-one-whole\">\n\t\t<p><span class=\"wpcf7-form-control-wrap\" data-name=\"your-name\"><input size=\"40\" class=\"wpcf7-form-control wpcf7-text wpcf7-validates-as-required\" aria-required=\"true\" aria-invalid=\"false\" placeholder=\"First Name\" value=\"\" type=\"text\" name=\"your-name\" \/><\/span>\n\t\t<\/p>\n\t<\/div>\n\t<div class=\"grid__item  six-twelfths palm-one-whole\">\n\t\t<p><span class=\"wpcf7-form-control-wrap\" data-name=\"last-name\"><input size=\"40\" class=\"wpcf7-form-control wpcf7-text wpcf7-validates-as-required\" aria-required=\"true\" aria-invalid=\"false\" placeholder=\"Last Name\" value=\"\" type=\"text\" name=\"last-name\" \/><\/span>\n\t\t<\/p>\n\t<\/div>\n<\/div>\n<div class=\"grid pixcode--grid\">\n\t<div class=\"grid__item  six-twelfths palm-one-whole\">\n\t\t<p><span class=\"wpcf7-form-control-wrap\" data-name=\"your-email\"><input size=\"40\" class=\"wpcf7-form-control wpcf7-email wpcf7-validates-as-required wpcf7-text wpcf7-validates-as-email\" aria-required=\"true\" aria-invalid=\"false\" placeholder=\"Email\" value=\"\" type=\"email\" name=\"your-email\" \/><\/span>\n\t\t<\/p>\n\t<\/div>\n\t<div class=\"grid__item  six-twelfths palm-one-whole\">\n\t\t<p><span class=\"wpcf7-form-control-wrap\" data-name=\"tel-863\"><input size=\"40\" class=\"wpcf7-form-control wpcf7-tel wpcf7-text wpcf7-validates-as-tel\" aria-invalid=\"false\" placeholder=\"Phone (optional)\" value=\"\" type=\"tel\" name=\"tel-863\" \/><\/span>\n\t\t<\/p>\n\t<\/div>\n<\/div>\n<p><span class=\"wpcf7-form-control-wrap\" data-name=\"your-message\"><textarea cols=\"40\" rows=\"10\" class=\"wpcf7-form-control wpcf7-textarea\" aria-invalid=\"false\" placeholder=\"Message\" name=\"your-message\"><\/textarea><\/span><br \/>\n<input class=\"wpcf7-form-control wpcf7-submit has-spinner\" type=\"submit\" value=\"Send Message\" \/>\n<\/p><div class=\"wpcf7-response-output\" aria-hidden=\"true\"><\/div>\n<\/form>\n<\/div>\n\n\n<\/div>\n\n\n<\/div>\n\n<hr class=\"pixcode  pixcode--separator  separator separator--line separator_color--white\"\/>\n\n<div class=\"pixcode  pixcode--grid  grid  \">\n\n<div class=\"grid__item one-whole palm-one-whole \">\n\n<p><a href=\"https:\/\/www.google.gr\/maps\/place\/Katouni+18,+Thessaloniki+546+25\/@40.6352305,22.9377746,17z\/data=!4m2!3m1!1s0x14a83909c5db001f:0x1196b9e8a1120025?hl=en\" target=\"_blank\" rel=\"noopener\"><img loading=\"lazy\" decoding=\"async\" class=\"alignnone size-full wp-image-844\" src=\"http:\/\/thedubliner.gr\/wp-content\/uploads\/the-dubliner_map_001.jpg\" alt=\"the-dubliner_Map_001\" width=\"1400\" height=\"500\" srcset=\"https:\/\/thedubliner.gr\/wp-content\/uploads\/the-dubliner_map_001.jpg 1400w, https:\/\/thedubliner.gr\/wp-content\/uploads\/the-dubliner_map_001-300x107.jpg 300w, https:\/\/thedubliner.gr\/wp-content\/uploads\/the-dubliner_map_001-400x143.jpg 400w\" sizes=\"auto, (max-width: 1400px) 100vw, 1400px\" \/><\/a><\/p>\n\n<\/div>\n\n\n<\/div>\n\n","protected":false},"excerpt":{"rendered":"","protected":false},"author":1,"featured_media":0,"parent":0,"menu_order":0,"comment_status":"closed","ping_status":"closed","template":"","meta":{"footnotes":""},"class_list":["post-4369","page","type-page","status-publish","hentry"],"_links":{"self":[{"href":"https:\/\/thedubliner.gr\/ga\/wp-json\/wp\/v2\/pages\/4369","targetHints":{"allow":["GET"]}}],"collection":[{"href":"https:\/\/thedubliner.gr\/ga\/wp-json\/wp\/v2\/pages"}],"about":[{"href":"https:\/\/thedubliner.gr\/ga\/wp-json\/wp\/v2\/types\/page"}],"author":[{"embeddable":true,"href":"https:\/\/thedubliner.gr\/ga\/wp-json\/wp\/v2\/users\/1"}],"replies":[{"embeddable":true,"href":"https:\/\/thedubliner.gr\/ga\/wp-json\/wp\/v2\/comments?post=4369"}],"version-history":[{"count":2,"href":"https:\/\/thedubliner.gr\/ga\/wp-json\/wp\/v2\/pages\/4369\/revisions"}],"predecessor-version":[{"id":4372,"href":"https:\/\/thedubliner.gr\/ga\/wp-json\/wp\/v2\/pages\/4369\/revisions\/4372"}],"wp:attachment":[{"href":"https:\/\/thedubliner.gr\/ga\/wp-json\/wp\/v2\/media?parent=4369"}],"curies":[{"name":"wp","href":"https:\/\/api.w.org\/{rel}","templated":true}]}}