{"id":4291,"date":"2016-09-23T11:45:09","date_gmt":"2016-09-23T08:45:09","guid":{"rendered":"https:\/\/thedubliner.gr\/h_story\/"},"modified":"2022-02-16T19:42:21","modified_gmt":"2022-02-16T17:42:21","slug":"h_story","status":"publish","type":"page","link":"https:\/\/thedubliner.gr\/ga\/home\/h_story\/","title":{"rendered":"h_story"},"content":{"rendered":"<div id=\"fb-root\"><\/div>\n<div class=\"pixcode  pixcode--grid  grid  \">\n\n<div class=\"grid__item six-twelfths palm-one-whole island\">\n\n<hgroup class=\"pixcode  pixcode--heading article__headline\">\n\t<h2 class=\"headline__secondary\"><span class=\"first-letter\">D<\/span>iscover<\/h2>\n\t<h1 class=\"headline__primary\">Our Story<\/h1>\n<\/hgroup>\n<div class=\"pixcode  pixcode--separator  separator separator--flower separator_color--color\">&#10043;<\/div>\n\n<p>Is \u00e9 an Dubliner an t-aon Bhe\u00e1r agus Bialann \u00c9ireannach bar\u00e1nt\u00fail, at\u00e1 100% faoi \u00fain\u00e9ireacht agus faoi bhainisti\u00fa Thessaloniki. T\u00e1imid lonnaithe i Ladadika, cro\u00ed stairi\u00fail na cathrach \u00e1lainn seo, is \u00e9 an ceann scr\u00edbe foirfe \u00e9 le haghaidh bia, d\u00ed, sp\u00f3irt agus siamsa\u00edochta. Mar sin m\u00e1 t\u00e1 \u2018C\u00e9ad Mile F\u00e1ilte*\u2019 f\u00edor-Ghaeilge uait ach buail isteach, abair \u2018hi\u2019 agus b\u00ed linn le haghaidh pionta!<\/p>\n<p style=\"text-align: right;\"><small>*C\u00e9ad Mile F\u00e1ilte = A hundred thousand welcomes<\/small><\/p>\n<p style=\"text-align: center;\"><a  class=\"pixcode  pixcode--btn  btn  btn--text\" href=\"our-story\/\" >About Us<\/a>\n\n<\/div>\n\n<div class=\"grid__item six-twelfths palm-one-whole \">\n\n<p>&nbsp;<\/p>\n<p><img loading=\"lazy\" decoding=\"async\" class=\"aligncenter size-full wp-image-649\" src=\"http:\/\/thedubliner.gr\/wp-content\/uploads\/the-dubliner_ourstory_006.jpg\" alt=\"the-dubliner_ourstory_006\" width=\"550\" height=\"400\" srcset=\"https:\/\/thedubliner.gr\/wp-content\/uploads\/the-dubliner_ourstory_006.jpg 550w, https:\/\/thedubliner.gr\/wp-content\/uploads\/the-dubliner_ourstory_006-300x218.jpg 300w\" sizes=\"auto, (max-width: 550px) 100vw, 550px\" \/><\/p>\n\n<\/div>\n\n\n<\/div>\n\n","protected":false},"excerpt":{"rendered":"","protected":false},"author":1,"featured_media":0,"parent":4299,"menu_order":0,"comment_status":"closed","ping_status":"closed","template":"","meta":{"footnotes":""},"class_list":["post-4291","page","type-page","status-publish","hentry","no-page-header"],"_links":{"self":[{"href":"https:\/\/thedubliner.gr\/ga\/wp-json\/wp\/v2\/pages\/4291","targetHints":{"allow":["GET"]}}],"collection":[{"href":"https:\/\/thedubliner.gr\/ga\/wp-json\/wp\/v2\/pages"}],"about":[{"href":"https:\/\/thedubliner.gr\/ga\/wp-json\/wp\/v2\/types\/page"}],"author":[{"embeddable":true,"href":"https:\/\/thedubliner.gr\/ga\/wp-json\/wp\/v2\/users\/1"}],"replies":[{"embeddable":true,"href":"https:\/\/thedubliner.gr\/ga\/wp-json\/wp\/v2\/comments?post=4291"}],"version-history":[{"count":1,"href":"https:\/\/thedubliner.gr\/ga\/wp-json\/wp\/v2\/pages\/4291\/revisions"}],"predecessor-version":[{"id":4292,"href":"https:\/\/thedubliner.gr\/ga\/wp-json\/wp\/v2\/pages\/4291\/revisions\/4292"}],"up":[{"embeddable":true,"href":"https:\/\/thedubliner.gr\/ga\/wp-json\/wp\/v2\/pages\/4299"}],"wp:attachment":[{"href":"https:\/\/thedubliner.gr\/ga\/wp-json\/wp\/v2\/media?parent=4291"}],"curies":[{"name":"wp","href":"https:\/\/api.w.org\/{rel}","templated":true}]}}