{"id":4288,"date":"2015-05-02T12:52:16","date_gmt":"2015-05-02T09:52:16","guid":{"rendered":"https:\/\/thedubliner.gr\/our-story\/"},"modified":"2022-02-16T19:39:33","modified_gmt":"2022-02-16T17:39:33","slug":"our-story","status":"publish","type":"page","link":"https:\/\/thedubliner.gr\/ga\/our-story\/","title":{"rendered":"\u00c1r Sc\u00e9al"},"content":{"rendered":"<div id=\"fb-root\"><\/div>\n<div class=\"pixcode  pixcode--grid  grid  \">\n\n<div class=\"grid__item six-twelfths palm-one-whole \">\n\n<p>Is \u00e9 \u201cThe Dubliner\u201d an t-aon be\u00e1r agus bialann \u00c9ireannach in Thessaloniki at\u00e1 100% faoi \u00fain\u00e9ireacht \u00c9ireannach. In \u00e1it \u00e1lainn at\u00e1 s\u00e9 suite, sa Ladadika, i gcro\u00edl\u00e1r na cathrach.<\/p>\n<p>T\u00e1 cl\u00fa agus c\u00e1il ar tithe t\u00e1bhairne \u00c9ireannaigh ar fud an domhain; as a gcairdi\u00falacht, a bhf\u00e1ilte cro\u00ed\u00fail, a seirbh\u00eds iontach agus as ardchaighde\u00e1n a mbia agus deoch. N\u00ed haon eisceacht \u00e9 \u201cThe Dubliner\u201d. Is \u00e9 an aidhm at\u00e1 againn n\u00e1 f\u00e1ilte U\u00ed Cheallaigh, traidisi\u00fanta agus bar\u00e1nt\u00fail, a chur romhat in \u00e1it comhaimseartha.<\/p>\n<p>Leis an t-adhmad gal\u00e1nta taobh istigh, an be\u00e1r 11 mh\u00e9adar ar fad, na su\u00edoch\u00e1in comp\u00f3rdacha agus \u00e1r \u201csnug\u201d, cuireann an dearadh i gcuimhne duit Oile\u00e1n Iathghlas \u00c9ireann. San am c\u00e9anna baineann an ceol nua-aimseartha agus an bia agus deoch le h\u00c9ireann don l\u00e1 at\u00e1 inniu ann.<\/p>\n\n<\/div>\n\n<div class=\"grid__item six-twelfths palm-one-whole \">\n\n<p><img loading=\"lazy\" decoding=\"async\" class=\"alignnone size-full wp-image-644\" src=\"http:\/\/thedubliner.gr\/wp-content\/uploads\/the-dubliner_ourstory_002.jpg\" alt=\"the-dubliner_OurStory_002\" width=\"550\" height=\"400\" srcset=\"https:\/\/thedubliner.gr\/wp-content\/uploads\/the-dubliner_ourstory_002.jpg 550w, https:\/\/thedubliner.gr\/wp-content\/uploads\/the-dubliner_ourstory_002-300x218.jpg 300w\" sizes=\"auto, (max-width: 550px) 100vw, 550px\" \/><\/p>\n\n<\/div>\n\n\n<\/div>\n\n<div class=\"pixcode  pixcode--separator  separator separator--line-flower\">\n<div class=\"line  line--left\"><\/div>\n<div class=\"line  line--right\"><\/div>\n<div class=\"star\">&#10043;<\/div>\n<div class=\"arrows\">\n<div class=\"arrow arrow--left\"><\/div>\n<div class=\"arrow arrow--right\"><\/div>\n<\/div>\n<\/div>\n\n<div class=\"pixcode  pixcode--grid  grid  \">\n\n<div class=\"grid__item six-twelfths palm-one-whole \">\n\n<p>&nbsp;<\/p>\n<p><img loading=\"lazy\" decoding=\"async\" class=\"alignnone size-full wp-image-649\" src=\"http:\/\/thedubliner.gr\/wp-content\/uploads\/the-dubliner_ourstory_006.jpg\" alt=\"the-dubliner_ourstory_006\" width=\"550\" height=\"400\" srcset=\"https:\/\/thedubliner.gr\/wp-content\/uploads\/the-dubliner_ourstory_006.jpg 550w, https:\/\/thedubliner.gr\/wp-content\/uploads\/the-dubliner_ourstory_006-300x218.jpg 300w\" sizes=\"auto, (max-width: 550px) 100vw, 550px\" \/><\/p>\n\n<\/div>\n\n<div class=\"grid__item six-twelfths palm-one-whole \">\n\n<p class=\"Body\"><span lang=\"EN-US\">T\u00e1 biachl\u00e1r den ch\u00e9ad scoth againn, leis na b\u00e9il\u00ed traidisi\u00fanta is fearr linn in \u00c9irinn, mar shampla, P\u00edog St\u00e9ige le Guinness, Isp\u00edn\u00ed le Br\u00fait\u00edn, \u00e1r mBurgair c\u00e1ili\u00fala 100% baile n\u00f3 Iasc agus Sceall\u00f3ga traidisi\u00fanta. T\u00e1 b\u00e9il\u00ed nua-aimseartha againn, \u00e1fach, at\u00e1 an-tionchar ag bia Me\u00e1nmhuir\u00ed orthu, mar shampla, Fill\u00e9ad Brad\u00e1in Friochta, Sal\u00e9ad le C\u00e1is Gabhair Manouri agus go leor leor eile. F\u00e9ach ar \u00e1r mbiachl\u00e1r <span class=\"None\"><i>anseo <\/i><\/span>agus bain s\u00e1samh as!<\/span><\/p>\n<p class=\"Body\"><span lang=\"EN-US\">T\u00e1 baili\u00fach\u00e1n deochanna m\u00f3r againn as \u00c9ireann agus thar lear &#8211; na cinn is fearr linn n\u00e1 Jameson Whiskey chomh maith le Guinness agus beoir Kilkenny. Cinnt\u00edonn an fhoireann bainist\u00edochta as \u00c9ireann go bhfuil \u00e1r dtairg\u00ed go l\u00e9ir st\u00f3r\u00e1ilithe agus l\u00edonta ar na caighde\u00e1in is airde. <\/span><\/p>\n<p>B\u00edonn na m\u00f3rimeachta\u00ed sp\u00f3irt go l\u00e9ir \u00e1 theasp\u00e1int againn ar na scaile\u00e1in m\u00f3ra, le tr\u00e1chtaireacht de r\u00e9ir mar is cu\u00ed.\u00a0 Chomh maith leis sin, cuireann ceol be\u00f3 siamsa\u00edocht ar f\u00e1il do gach \u00e9inne.<\/p>\n<p>B\u00ed linn i \u201cThe Dubliner\u201d sa Ladadika agus cuirfimid f\u00e1ilte is fiche romhat.<\/p>\n<p>C\u00e9ad Mile F\u00e1ilte agus Sl\u00e1inte!<\/p>\n<p style=\"text-align: justify;\">Foireann \u201cThe Dubliner<\/p>\n\n<\/div>\n\n\n<\/div>\n\n<div class=\"pixcode  pixcode--separator  separator separator--line-flower\">\n<div class=\"line  line--left\"><\/div>\n<div class=\"line  line--right\"><\/div>\n<div class=\"star\">&#10043;<\/div>\n<div class=\"arrows\">\n<div class=\"arrow arrow--left\"><\/div>\n<div class=\"arrow arrow--right\"><\/div>\n<\/div>\n<\/div>\n\n<div class=\"pixcode  pixcode--grid  grid  \">\n\n<div class=\"grid__item one-whole palm-one-whole \">\n\n\n<\/div>\n\n\n<\/div>\n\n","protected":false},"excerpt":{"rendered":"","protected":false},"author":1,"featured_media":0,"parent":0,"menu_order":0,"comment_status":"closed","ping_status":"closed","template":"","meta":{"footnotes":""},"class_list":["post-4288","page","type-page","status-publish","hentry"],"_links":{"self":[{"href":"https:\/\/thedubliner.gr\/ga\/wp-json\/wp\/v2\/pages\/4288","targetHints":{"allow":["GET"]}}],"collection":[{"href":"https:\/\/thedubliner.gr\/ga\/wp-json\/wp\/v2\/pages"}],"about":[{"href":"https:\/\/thedubliner.gr\/ga\/wp-json\/wp\/v2\/types\/page"}],"author":[{"embeddable":true,"href":"https:\/\/thedubliner.gr\/ga\/wp-json\/wp\/v2\/users\/1"}],"replies":[{"embeddable":true,"href":"https:\/\/thedubliner.gr\/ga\/wp-json\/wp\/v2\/comments?post=4288"}],"version-history":[{"count":2,"href":"https:\/\/thedubliner.gr\/ga\/wp-json\/wp\/v2\/pages\/4288\/revisions"}],"predecessor-version":[{"id":4289,"href":"https:\/\/thedubliner.gr\/ga\/wp-json\/wp\/v2\/pages\/4288\/revisions\/4289"}],"wp:attachment":[{"href":"https:\/\/thedubliner.gr\/ga\/wp-json\/wp\/v2\/media?parent=4288"}],"curies":[{"name":"wp","href":"https:\/\/api.w.org\/{rel}","templated":true}]}}