{"id":938,"date":"2015-05-02T12:52:16","date_gmt":"2015-05-02T09:52:16","guid":{"rendered":"http:\/\/thedubliner.gr\/our-story-2\/"},"modified":"2018-05-29T11:33:32","modified_gmt":"2018-05-29T08:33:32","slug":"our-story","status":"publish","type":"page","link":"https:\/\/thedubliner.gr\/el\/our-story\/","title":{"rendered":"Our Story"},"content":{"rendered":"<div id=\"fb-root\"><\/div>\n<div class=\"pixcode  pixcode--grid  grid  \">\n\n<div class=\"grid__item six-twelfths palm-one-whole \">\n\n<p>\u0399\u03c1\u03bb\u03b1\u03bd\u03b4\u03b9\u03ba\u03cc \u03bc\u03c0\u03b1\u03c1 \u03ba\u03b1\u03b9 \u03b5\u03c3\u03c4\u03b9\u03b1\u03c4\u03cc\u03c1\u03b9\u03bf 100% \u03b9\u03c1\u03bb\u03b1\u03bd\u03b4\u03b9\u03ba\u03ae\u03c2 \u03b9\u03b4\u03b9\u03bf\u03ba\u03c4\u03b7\u03c3\u03af\u03b1\u03c2 \u03ba\u03b1\u03b9 \u03b4\u03b9\u03b1\u03c7\u03b5\u03af\u03c1\u03b9\u03c3\u03b7\u03c2, \u03c4\u03bf\u03c0\u03bf\u03b8\u03b5\u03c4\u03b7\u03bc\u03ad\u03bd\u03bf \u03c3\u03c4\u03b1 \u039b\u03b1\u03b4\u03ac\u03b4\u03b9\u03ba\u03b1, \u03c4\u03b7\u03bd \u03ba\u03b1\u03c1\u03b4\u03b9\u03ac \u03ba\u03b1\u03b9 \u03c4\u03bf \u03b9\u03c3\u03c4\u03bf\u03c1\u03b9\u03ba\u03cc \u03ba\u03ad\u03bd\u03c4\u03c1\u03bf \u03c4\u03b7\u03c2 \u03c0\u03cc\u03bb\u03b7\u03c2.<\/p>\n<p>\u039f\u03b9 \u03b9\u03c1\u03bb\u03b1\u03bd\u03b4\u03b9\u03ba\u03ad\u03c2 \u03c0\u03b1\u03bc\u03c0 \u03b5\u03af\u03bd\u03b1\u03b9 \u03b4\u03b9\u03ac\u03c3\u03b7\u03bc\u03b5\u03c2 \u03b1\u03bd\u03b1 \u03c4\u03bf\u03bd \u03ba\u03cc\u03c3\u03bc\u03bf \u03b3\u03b9\u03b1 \u03c4\u03b7 \u03c6\u03b9\u03bb\u03cc\u03be\u03b5\u03bd\u03b7 \u03b4\u03b9\u03ac\u03b8\u03b5\u03c3\u03b7, \u03c4\u03b7 \u03c6\u03b9\u03bb\u03b9\u03ba\u03ae \u03b5\u03be\u03c5\u03c0\u03b7\u03c1\u03ad\u03c4\u03b7\u03c3\u03b7 \u03ba\u03b1\u03b9 \u03c4\u03b7\u03bd \u03b5\u03be\u03b1\u03b9\u03c1\u03b5\u03c4\u03b9\u03ba\u03ae \u03c0\u03bf\u03b9\u03cc\u03c4\u03b7\u03c4\u03b1 \u03c4\u03cc\u03c3\u03bf \u03c4\u03c9\u03bd \u03c6\u03b1\u03b3\u03b7\u03c4\u03ce\u03bd \u03cc\u03c3\u03bf \u03ba\u03b1\u03b9 \u03c4\u03c9\u03bd \u03c0\u03bf\u03c4\u03ce\u03bd \u03c4\u03bf\u03c5\u03c2. \u0397 \u03c0\u03b1\u03bc\u03c0 The Dubliner \u03b4\u03b5\u03bd \u03b1\u03c0\u03bf\u03c4\u03b5\u03bb\u03b5\u03af \u03b5\u03be\u03b1\u03af\u03c1\u03b5\u03c3\u03b7. \u03a3\u03c4\u03cc\u03c7\u03bf\u03c2 \u03bc\u03b1\u03c2 \u03b5\u03af\u03bd\u03b1\u03b9 \u03bd\u03b1 \u03c3\u03b1\u03c2 \u03c0\u03c1\u03bf\u03c3\u03c6\u03ad\u03c1\u03bf\u03c5\u03bc\u03b5 \u03c4\u03b7\u03bd \u03c0\u03b1\u03c1\u03b1\u03b4\u03bf\u03c3\u03b9\u03b1\u03ba\u03ae \u03ba\u03b1\u03b9 \u03b1\u03c5\u03b8\u03b5\u03bd\u03c4\u03b9\u03ba\u03ae \u0399\u03c1\u03bb\u03b1\u03bd\u03b4\u03b9\u03ba\u03ae \u03c6\u03b9\u03bb\u03bf\u03be\u03b5\u03bd\u03af\u03b1 \u03c3\u03b5 \u03ad\u03bd\u03b1 \u03c3\u03cd\u03b3\u03c7\u03c1\u03bf\u03bd\u03bf \u03ba\u03b1\u03b9 \u03bc\u03bf\u03bd\u03c4\u03ad\u03c1\u03bd\u03bf \u03c0\u03b5\u03c1\u03b9\u03b2\u03ac\u03bb\u03bb\u03bf\u03bd.<\/p>\n<p>\u0397 \u03b4\u03b9\u03b1\u03ba\u03cc\u03c3\u03bc\u03b7\u03c3\u03b7 \u03b1\u03c0\u03bf \u03c0\u03bf\u03bb\u03c5\u03c4\u03b5\u03bb\u03ad\u03c2 \u03be\u03cd\u03bb\u03bf, \u03c4\u03bf \u03bc\u03ae\u03ba\u03bf\u03c5\u03c2 11 \u03bc\u03ad\u03c4\u03c1\u03c9\u03bd \u03bc\u03c0\u03b1\u03c1, \u03c4\u03b1 \u03b1\u03bd\u03b1\u03c0\u03b1\u03c5\u03c4\u03b9\u03ba\u03ac \u03ba\u03b1\u03b8\u03af\u03c3\u03bc\u03b1\u03c4\u03b1 \u03ba\u03b1\u03b9 \u03bf \u03c0\u03c1\u03b9\u03b2\u03ad \u03b8\u03ac\u03bb\u03b1\u03bc\u03bf\u03c2 <a href=\"http:\/\/thedubliner.gr\/el\/the-snug\/\">snug<\/a> \u03c3\u03b1\u03c2 \u03c4\u03b1\u03be\u03b9\u03b4\u03b5\u03cd\u03bf\u03c5\u03bd \u03c0\u03af\u03c3\u03c9 \u03c3\u03c4\u03bf \u00ab\u0399\u03c3\u03c4\u03bf\u03c1\u03b9\u03ba\u03cc \u03a3\u03bc\u03b1\u03c1\u03b1\u03b3\u03b4\u03ad\u03bd\u03b9\u03bf \u039d\u03b7\u03c3\u03af\u00bb \u03c4\u03b7\u03c2 \u0399\u03c1\u03bb\u03b1\u03bd\u03b4\u03af\u03b1\u03c2, \u03b5\u03bd\u03ce \u03b7 \u03c3\u03cd\u03b3\u03c7\u03c1\u03bf\u03bd\u03b7 \u03bc\u03bf\u03c5\u03c3\u03b9\u03ba\u03ae, \u03c4\u03bf \u03c6\u03b1\u03b3\u03b7\u03c4\u03cc \u03ba\u03b1\u03b9 \u03c4\u03bf \u03c0\u03bf\u03c4\u03cc \u03c3\u03b1\u03c2 \u03bc\u03b5\u03c4\u03b1\u03c6\u03ad\u03c1\u03bf\u03c5\u03bd \u03c3\u03c4\u03b7 \u03c3\u03cd\u03b3\u03c7\u03c1\u03bf\u03bd\u03b7 \u0399\u03c1\u03bb\u03b1\u03bd\u03b4\u03af\u03b1.<\/p>\n\n<\/div>\n\n<div class=\"grid__item six-twelfths palm-one-whole \">\n\n<p><img loading=\"lazy\" decoding=\"async\" class=\"alignnone size-full wp-image-644\" src=\"http:\/\/thedubliner.gr\/wp-content\/uploads\/the-dubliner_ourstory_002.jpg\" alt=\"the-dubliner_OurStory_002\" width=\"550\" height=\"400\" srcset=\"https:\/\/thedubliner.gr\/wp-content\/uploads\/the-dubliner_ourstory_002.jpg 550w, https:\/\/thedubliner.gr\/wp-content\/uploads\/the-dubliner_ourstory_002-300x218.jpg 300w\" sizes=\"auto, (max-width: 550px) 100vw, 550px\" \/><\/p>\n\n<\/div>\n\n\n<\/div>\n\n<div class=\"pixcode  pixcode--separator  separator separator--line-flower\">\n<div class=\"line  line--left\"><\/div>\n<div class=\"line  line--right\"><\/div>\n<div class=\"star\">&#10043;<\/div>\n<div class=\"arrows\">\n<div class=\"arrow arrow--left\"><\/div>\n<div class=\"arrow arrow--right\"><\/div>\n<\/div>\n<\/div>\n\n<div class=\"pixcode  pixcode--grid  grid  \">\n\n<div class=\"grid__item six-twelfths palm-one-whole \">\n\n<p>&nbsp;<\/p>\n<p><img loading=\"lazy\" decoding=\"async\" class=\"alignnone size-full wp-image-649\" src=\"http:\/\/thedubliner.gr\/wp-content\/uploads\/the-dubliner_ourstory_006.jpg\" alt=\"the-dubliner_ourstory_006\" width=\"550\" height=\"400\" srcset=\"https:\/\/thedubliner.gr\/wp-content\/uploads\/the-dubliner_ourstory_006.jpg 550w, https:\/\/thedubliner.gr\/wp-content\/uploads\/the-dubliner_ourstory_006-300x218.jpg 300w\" sizes=\"auto, (max-width: 550px) 100vw, 550px\" \/><\/p>\n\n<\/div>\n\n<div class=\"grid__item six-twelfths palm-one-whole \">\n\n<p style=\"text-align: justify;\">\u0394\u03b9\u03b1\u03b8\u03ad\u03c4\u03bf\u03c5\u03bc\u03b5 \u03ad\u03bd\u03b1 \u03b5\u03ba\u03c4\u03b5\u03c4\u03b1\u03bc\u03ad\u03bd\u03bf \u03ba\u03b1\u03b9 \u03b5\u03be\u03b1\u03b9\u03c1\u03b5\u03c4\u03b9\u03ba\u03cc \u03bc\u03b5\u03bd\u03bf\u03cd \u03c6\u03b1\u03b3\u03b7\u03c4\u03ce\u03bd, \u03c0\u03bf\u03c5 \u03c0\u03b5\u03c1\u03b9\u03bb\u03b1\u03bc\u03b2\u03ac\u03bd\u03b5\u03b9 \u03c4\u03b9\u03c2 \u03c0\u03b1\u03c1\u03b1\u03b4\u03bf\u03c3\u03b9\u03b1\u03ba\u03ad\u03c2 \u03b9\u03c1\u03bb\u03b1\u03bd\u03b4\u03b9\u03ba\u03ad\u03c2 \u03c3\u03c0\u03b5\u03c3\u03b9\u03b1\u03bb\u03b9\u03c4\u03ad, \u03cc\u03c0\u03c9\u03c2 \u03a0\u03af\u03c4\u03b1 \u03bc\u03b5 \u039c\u03c0\u03c1\u03b9\u03b6\u03cc\u03bb\u03b1 \u03ba\u03b1\u03b9 \u03c3\u03c9\u03c2 \u03b1\u03c0\u03cc \u03bc\u03c0\u03cd\u03c1\u03b1 \u0393\u03ba\u03af\u03bd\u03b5\u03c2, \u039b\u03bf\u03c5\u03ba\u03ac\u03bd\u03b9\u03ba\u03b1 \u03bc\u03b5 \u03a0\u03bf\u03c5\u03c1\u03ad, \u03c4\u03b1 \u03c6\u03b7\u03bc\u03b9\u03c3\u03bc\u03ad\u03bd\u03b1 100% \u03c7\u03b5\u03b9\u03c1\u03bf\u03c0\u03bf\u03af\u03b7\u03c4\u03b1 \u03bc\u03c0\u03ad\u03c1\u03b3\u03ba\u03b5\u03c1 \u03bc\u03b1\u03c2 \u03ba\u03b1\u03b9 \u03c4\u03b1 \u03c0\u03b1\u03c1\u03b1\u03b4\u03bf\u03c3\u03b9\u03b1\u03ba\u03ac Fish &amp; Chips. \u039c\u03c0\u03bf\u03c1\u03b5\u03af\u03c4\u03b5 \u03cc\u03bc\u03c9\u03c2 \u03bd\u03b1 \u03b3\u03b5\u03c5\u03c4\u03b5\u03af\u03c4\u03b5 \u03ba\u03b1\u03b9 \u03c0\u03b5\u03c1\u03b9\u03c3\u03c3\u03cc\u03c4\u03b5\u03c1\u03bf \u03c3\u03cd\u03b3\u03c7\u03c1\u03bf\u03bd\u03b1 \u03c0\u03b9\u03ac\u03c4\u03b1, \u03b5\u03c0\u03b7\u03c1\u03b5\u03b1\u03c3\u03bc\u03ad\u03bd\u03b1 \u03b1\u03c0\u03cc \u03c4\u03b7 \u03bc\u03b5\u03c3\u03bf\u03b3\u03b5\u03b9\u03b1\u03ba\u03ae \u03ba\u03bf\u03c5\u03b6\u03af\u03bd\u03b1, \u03cc\u03c0\u03c9\u03c2 \u03c4\u03b7\u03b3\u03b1\u03bd\u03b9\u03c4\u03cc \u03c6\u03b9\u03bb\u03ad\u03c4\u03bf \u03c6\u03c1\u03ad\u03c3\u03ba\u03bf\u03c5 \u03c3\u03bf\u03bb\u03bf\u03bc\u03bf\u03cd, \u03c3\u03b1\u03bb\u03ac\u03c4\u03b1 \u03bc\u03b5 \u03bc\u03b1\u03bd\u03bf\u03cd\u03c1\u03b9 \u03ba\u03b1\u03b9 \u03ac\u03bb\u03bb\u03b1 \u03c0\u03bf\u03bb\u03bb\u03ac. \u03a1\u03af\u03be\u03c4\u03b5 \u03bc\u03b9\u03b1 \u03bc\u03b1\u03c4\u03b9\u03ac \u03c3\u03c4\u03bf \u03bc\u03b5\u03bd\u03bf\u03cd \u03bc\u03b1\u03c2 \u03b5\u03b4\u03ce \u03ba\u03b1\u03b9 \u03c0\u03c1\u03bf\u03ba\u03b1\u03bb\u03ad\u03c3\u03c4\u03b5 \u03c4\u03bf\u03c5\u03c2 \u03b3\u03b5\u03c5\u03c3\u03c4\u03b9\u03ba\u03bf\u03cd\u03c2 \u03c3\u03b1\u03c2 \u03ba\u03ac\u03bb\u03c5\u03ba\u03b5\u03c2!<\/p>\n<p style=\"text-align: justify;\">\u03a4\u03bf \u03b5\u03c3\u03c4\u03b9\u03b1\u03c4\u03cc\u03c1\u03b9\u03bf-\u03bc\u03c0\u03b1\u03c1 The Dubliner \u03c0\u03b1\u03c1\u03ad\u03c7\u03b5\u03b9 \u03bc\u03b9\u03b1 \u03bc\u03b5\u03b3\u03ac\u03bb\u03b7 \u03c0\u03bf\u03b9\u03ba\u03b9\u03bb\u03af\u03b1 \u03b9\u03c1\u03bb\u03b1\u03bd\u03b4\u03b9\u03ba\u03ce\u03bd \u03ba\u03b1\u03b9 \u03bc\u03b7 \u03c0\u03bf\u03c4\u03ce\u03bd \u03bc\u03b5 \u03bc\u03b9\u03b1 \u03b9\u03b4\u03b9\u03b1\u03af\u03c4\u03b5\u03c1\u03b7 \u03c0\u03c1\u03bf\u03c4\u03af\u03bc\u03b7\u03c3\u03b7 \u03c3\u03c4\u03bf \u03bf\u03c5\u03af\u03c3\u03ba\u03b9 Jameson \u03ba\u03b1\u03b9 \u03c4\u03b9\u03c2 \u03bc\u03c0\u03cd\u03c1\u03b5\u03c2 Guinness \u03ba\u03b1\u03b9 Kilkenny. \u0397 \u03b4\u03b9\u03b1\u03c7\u03b5\u03af\u03c1\u03b9\u03c3\u03b7 \u03c4\u03bf\u03c5 \u03bc\u03c0\u03b1\u03c1, \u03c0\u03bf\u03c5 \u03b3\u03af\u03bd\u03b5\u03c4\u03b1\u03b9 \u03b1\u03c0\u03bf\u03ba\u03bb\u03b5\u03b9\u03c3\u03c4\u03b9\u03ba\u03ac \u03b1\u03c0\u03cc \u0399\u03c1\u03bb\u03b1\u03bd\u03b4\u03bf\u03cd\u03c2, \u03b5\u03b3\u03b3\u03c5\u03ac\u03c4\u03b1\u03b9 \u03cc\u03c4\u03b9 \u03cc\u03bb\u03b1 \u03c4\u03b1 \u03c0\u03c1\u03bf\u03ca\u03cc\u03bd\u03c4\u03b1 \u03b1\u03c0\u03bf\u03b8\u03b7\u03ba\u03b5\u03cd\u03bf\u03bd\u03c4\u03b1\u03b9 \u03ba\u03b1\u03b9 \u03c3\u03b5\u03c1\u03b2\u03af\u03c1\u03bf\u03bd\u03c4\u03b1\u03b9 \u03bc\u03b5 \u03b2\u03ac\u03c3\u03b7 \u03c4\u03b9\u03c2 \u03c5\u03c8\u03b7\u03bb\u03cc\u03c4\u03b5\u03c1\u03b5\u03c2 \u03c0\u03c1\u03bf\u03b4\u03b9\u03b1\u03b3\u03c1\u03b1\u03c6\u03ad\u03c2, \u03bc\u03b5\u03c4\u03b1\u03c4\u03c1\u03ad\u03c0\u03bf\u03bd\u03c4\u03b1\u03c2 \u03ad\u03c4\u03c3\u03b9 \u03c4\u03bf \u03c0\u03bf\u03c4\u03cc \u03c3\u03b1\u03c2 \u03c3\u03b5 \u03bc\u03b9\u03b1 \u03b1\u03bd\u03b5\u03c0\u03b1\u03bd\u03ac\u03bb\u03b7\u03c0\u03c4\u03b7 \u03b3\u03b5\u03c5\u03c3\u03c4\u03b9\u03ba\u03ae \u03b5\u03bc\u03c0\u03b5\u03b9\u03c1\u03af\u03b1.<\/p>\n<p style=\"text-align: justify;\">\u038c\u03bb\u03b1 \u03c4\u03b1 \u03ba\u03bf\u03c1\u03c5\u03c6\u03b1\u03af\u03b1 \u03b1\u03b8\u03bb\u03b7\u03c4\u03b9\u03ba\u03ac \u03b3\u03b5\u03b3\u03bf\u03bd\u03cc\u03c4\u03b1 \u03c0\u03c1\u03bf\u03b2\u03ac\u03bb\u03bb\u03bf\u03bd\u03c4\u03b1\u03b9 \u03c3\u03c4\u03b9\u03c2 5 \u03bc\u03b5\u03b3\u03ac\u03bb\u03b5\u03c2 \u03bf\u03b8\u03cc\u03bd\u03b5\u03c2 \u03c0\u03bf\u03c5 \u03b4\u03b9\u03b1\u03b8\u03ad\u03c4\u03bf\u03c5\u03bc\u03b5. \u0398\u03b1 \u03c5\u03c0\u03ac\u03c1\u03c7\u03bf\u03c5\u03bd \u03b5\u03c0\u03af\u03c3\u03b7\u03c2 \u03b2\u03c1\u03b1\u03b4\u03b9\u03ad\u03c2 \u03bc\u03b5 \u03c3\u03c5\u03b3\u03ba\u03c1\u03bf\u03c4\u03ae\u03bc\u03b1\u03c4\u03b1 \u03c0\u03bf\u03c5 \u03b8\u03b1 \u03c0\u03b1\u03af\u03b6\u03bf\u03c5\u03bd \u03b6\u03c9\u03bd\u03c4\u03b1\u03bd\u03ae \u03bc\u03bf\u03c5\u03c3\u03b9\u03ba\u03ae, \u03b3\u03b9\u03b1 \u03c7\u03bf\u03c1\u03cc \u03ba\u03b1\u03b9 \u03b4\u03b9\u03b1\u03c3\u03ba\u03ad\u03b4\u03b1\u03c3\u03b7 \u03bc\u03ad\u03c7\u03c1\u03b9 \u03c4\u03bf \u03c0\u03c1\u03c9\u03af!<\/p>\n<p style=\"text-align: justify;\">\u0395\u03bb\u03ac\u03c4\u03b5 \u03bb\u03bf\u03b9\u03c0\u03cc\u03bd \u03c3\u03c4\u03bf The Dubliner \u03c3\u03c4\u03b1 \u039b\u03b1\u03b4\u03ac\u03b4\u03b9\u03ba\u03b1, \u03b3\u03b9\u03b1 \u03bd\u03b1 \u03c3\u03b1\u03c2 \u03ba\u03b1\u03bb\u03bf\u03c3\u03c9\u03c1\u03af\u03c3\u03bf\u03c5\u03bc\u03b5 \u03bc\u03b5 \u03ad\u03bd\u03b1 \u03c7\u03b1\u03bc\u03cc\u03b3\u03b5\u03bb\u03bf. C\u00e9ad m\u00edle f\u00e1ilte agus Sl\u00e1inte! \u039a\u03b1\u03bb\u03ce\u03c2 \u0389\u03bb\u03b8\u03b1\u03c4\u03b5! \u03a3\u03c4\u03b7\u03bd \u03c5\u03b3\u03b5\u03b9\u03ac \u03c3\u03b1\u03c2!<\/p>\n<p style=\"text-align: justify;\">\u0397 \u039f\u03bc\u03ac\u03b4\u03b1 \u03c4\u03bf\u03c5 The Dubliner<\/p>\n\n<\/div>\n\n\n<\/div>\n\n<div class=\"pixcode  pixcode--separator  separator separator--line-flower\">\n<div class=\"line  line--left\"><\/div>\n<div class=\"line  line--right\"><\/div>\n<div class=\"star\">&#10043;<\/div>\n<div class=\"arrows\">\n<div class=\"arrow arrow--left\"><\/div>\n<div class=\"arrow arrow--right\"><\/div>\n<\/div>\n<\/div>\n\n<div class=\"pixcode  pixcode--grid  grid  \">\n\n<div class=\"grid__item one-whole palm-one-whole \">\n\n\n<\/div>\n\n\n<\/div>\n\n","protected":false},"excerpt":{"rendered":"","protected":false},"author":1,"featured_media":876,"parent":0,"menu_order":0,"comment_status":"closed","ping_status":"closed","template":"","meta":{"footnotes":""},"class_list":["post-938","page","type-page","status-publish","has-post-thumbnail","hentry"],"_links":{"self":[{"href":"https:\/\/thedubliner.gr\/el\/wp-json\/wp\/v2\/pages\/938","targetHints":{"allow":["GET"]}}],"collection":[{"href":"https:\/\/thedubliner.gr\/el\/wp-json\/wp\/v2\/pages"}],"about":[{"href":"https:\/\/thedubliner.gr\/el\/wp-json\/wp\/v2\/types\/page"}],"author":[{"embeddable":true,"href":"https:\/\/thedubliner.gr\/el\/wp-json\/wp\/v2\/users\/1"}],"replies":[{"embeddable":true,"href":"https:\/\/thedubliner.gr\/el\/wp-json\/wp\/v2\/comments?post=938"}],"version-history":[{"count":5,"href":"https:\/\/thedubliner.gr\/el\/wp-json\/wp\/v2\/pages\/938\/revisions"}],"predecessor-version":[{"id":3030,"href":"https:\/\/thedubliner.gr\/el\/wp-json\/wp\/v2\/pages\/938\/revisions\/3030"}],"wp:featuredmedia":[{"embeddable":true,"href":"https:\/\/thedubliner.gr\/el\/wp-json\/wp\/v2\/media\/876"}],"wp:attachment":[{"href":"https:\/\/thedubliner.gr\/el\/wp-json\/wp\/v2\/media?parent=938"}],"curies":[{"name":"wp","href":"https:\/\/api.w.org\/{rel}","templated":true}]}}